{"id":6,"date":"2016-09-21T17:51:23","date_gmt":"2016-09-21T15:51:23","guid":{"rendered":"http:\/\/www.cd76judo.com\/?page_id=6"},"modified":"2017-10-20T17:38:16","modified_gmt":"2017-10-20T15:38:16","slug":"cd-76-judo-demenageur-demenagement-visa-chine-visa-inde-visa-vietnam-visa-russie-croisiere-safari-afrique-garde-meubles","status":"publish","type":"page","link":"https:\/\/www.cd76judo.com\/","title":{"rendered":"CD 76 Judo"},"content":{"rendered":"<h2>Pr\u00e9sentation du comit\u00e9 de judo du D\u00e9partement 76<\/h2>\n<p><img loading=\"lazy\" class=\"alignnone size-medium wp-image-13\" src=\"https:\/\/www.cd76judo.com\/wp-content\/uploads\/2016\/09\/14-1.jpeg-300x129.jpg\" alt=\"14-1.jpeg\" width=\"300\" height=\"129\" srcset=\"https:\/\/www.cd76judo.com\/wp-content\/uploads\/2016\/09\/14-1.jpeg-300x129.jpg 300w, https:\/\/www.cd76judo.com\/wp-content\/uploads\/2016\/09\/14-1.jpeg.jpg 342w\" sizes=\"(max-width: 300px) 100vw, 300px\" \/><\/p>\n<p>Le comit\u00e9 de judo d\u00e9partement 76 est une organisation \u00e0 but non lucratif qui s\u2019occupe d\u2019organiser des \u00e9v\u00e8nements sportifs li\u00e9s au Judo dans la Normandie. C\u2019est une organisation qui pr\u00f4ne la passion du judo, elle organise des \u00e9v\u00e8nements, des tournois et des comp\u00e9titions pour rassembler les personnes qui ont une passion pour cet art martial japonais. Le comit\u00e9 regroupe la plupart des dojos et des passionn\u00e9s du d\u00e9partement et ils organisent ensemble des cours et des formations pour enseigner cet art aux plus jeunes afin de les initier. Le judo est en plus d\u2019un art martial une mentalit\u00e9. Ce sport enseigne comment se d\u00e9fendre face \u00e0 un adversaire plus fort, il n\u2019est pas particuli\u00e8rement violent, mais plut\u00f4t technique. C\u2019est pour cette raison qu\u2019elle attire plusieurs adeptes. De plus, elle enseigne la discipline et le respect.<\/p>\n<p>&nbsp;<\/p>\n<h2>Informations g\u00e9n\u00e9rales sur le d\u00e9m\u00e9nagement :<\/h2>\n<p>&nbsp;<\/p>\n<p>La recherche de d\u00e9m\u00e9nageur <a href=\"http:\/\/demenageur.com\">demenageur.com<\/a>\u00a0est un de premi\u00e8re chose \u00e0 faire lors de l\u2019organisation d\u2019un d\u00e9m\u00e9nagement <a href=\"http:\/\/demenageur.com\/demenagement\/\">demenageur.com\/demenagement\/<\/a>\u00a0. En effet, l\u2019organisation d\u2019un d\u00e9m\u00e9nagement passe par quelques \u00e9tapes cruciales, dont la recherche d\u2019un d\u00e9m\u00e9nageur professionnel. Ce ne sont pas les choix qui manquent, il existe des services de d\u00e9m\u00e9nagement. Apr\u00e8s avoir trouv\u00e9 un bon d\u00e9m\u00e9nageur, vous devrez obtenir une autorisation de stationnement. Pour ce faire, il faut remplir un formulaire disponible sur internet. Puis vous devez faire un devis d\u00e9m\u00e9nagement <a href=\"http:\/\/demenageur.com\/devis-demenagement\/\">demenageur.com\/devis-demenagement\/<\/a>\u00a0, les soci\u00e9t\u00e9s professionnelles proposent ce genre de service gratuitement. Dans certains cas, vous devez louer un garde-meuble, surtout quand votre nouveau logement se trouve \u00e0 une distance consid\u00e9rable. Vous pourrez ainsi y stocker vos meubles pendant la nuit et les r\u00e9cup\u00e9rer le matin.<\/p>\n<p>Demenagement Paris : <a href=\"http:\/\/demenageur.com\/demenagement-paris-75\/\">demenageur.com\/demenagement-paris-75\/<\/a><\/p>\n<h2>Informations g\u00e9n\u00e9rales sur l\u2019assurance vie<\/h2>\n<p>&nbsp;<\/p>\n<p>Une assurance vie <a href=\"http:\/\/lassurancevie.fr\">lassurancevie.fr<\/a>\u00a0est un organisme qui a pour but de pr\u00e9voir les coups durs, c\u2019est-\u00e0-dire que c\u2019est un service qui met de l\u2019argent de c\u00f4t\u00e9 en guise de remboursement pour g\u00e9rer les situations difficiles. Elles fonctionnent comme suit : le client paye une cotisation mensuelle qui sera utilis\u00e9e pour rembourser les m\u00e9dicaments et les soins n\u00e9cessaires quand il sera malade. Il en va de m\u00eame pour les soins n\u00e9cessaires pour toutes les sortes d\u2019accidents tant qu\u2019elles valident les conditions n\u00e9cessaires de remboursement dans le contrat. L\u2019assurance vie pr\u00e9voit \u00e9galement les situations les plus difficiles, c\u2019est-\u00e0-dire qu\u2019elle pr\u00e9voit de rembourser de l\u2019argent dans le cas extr\u00eame de la mort du client. En effet, pendant sa vie le client va faire un contrat qui r\u00e9git la quantit\u00e9 d\u2019argent que ses proches recevront apr\u00e8s son d\u00e9c\u00e8s.<\/p>\n<p>&nbsp;<\/p>\n<h2>Informations g\u00e9n\u00e9rales sur les visas pour l\u2019\u00e9tranger :<\/h2>\n<p>&nbsp;<\/p>\n<p>Obtenir un visa est indispensable pour entrer dans le territoire de certains pays afin d\u2019y ex\u00e9cuter des transactions de toutes sortes. Un visa n\u2019est pas forc\u00e9ment n\u00e9cessaire pour toutes les transactions, de plus les visites de courte dur\u00e9e ne n\u00e9cessitent pas de visa. Chaque pays a ses conditions propres \u00e0 elle. Les pays membres de l\u2019Union europ\u00e9enne ne demandent pas de visa pour les \u00e9trangers qui ont la nationalit\u00e9 d\u2019un pays membre. Pour obtenir un visa Chine <a href=\"http:\/\/visachine.fr\">visachine.fr<\/a>\u00a0ou un visa Russie, il faut remplir certaines conditions et bien \u00e9videmment le non-respect de ces conditions peut engendrer l\u2019expulsion. Par contre, obtenir un visa Inde est beaucoup plus simple et ne requiert pas beaucoup de conditions sp\u00e9cifiques.<\/p>\n<p>&nbsp;<\/p>\n<h2>Informations g\u00e9n\u00e9rales sur les croisi\u00e8res<\/h2>\n<p>&nbsp;<\/p>\n<p>Une croisi\u00e8re est un voyage en mer qui consiste \u00e0 visiter des zones en particulier appel\u00e9es escales. Pour que le voyage soit vraiment consid\u00e9r\u00e9 comme une croisi\u00e8re, le bateau utilis\u00e9 doit poss\u00e9der un \u00e9quipage digne de ce nom et le mat\u00e9riel pour accueillir les passagers pendant une dur\u00e9e d\u2019au moins 3 jours. En effet, la dur\u00e9e moyenne d\u2019une croisi\u00e8re est de 4 jours. Pour qu\u2019une croisi\u00e8re soit vraiment agr\u00e9able, il faut remplir certaines conditions. La premi\u00e8re \u00e9tant le confort des cabines, c\u2019est la partie la plus importante. Et il faut \u00e9galement qu\u2019il y ait des activit\u00e9s disponibles \u00e0 bord du bateau. Ensuite, il faut que la nourriture sur le bateau soit d\u00e9licieuse. Enfin, les escales doivent \u00eatre choisies avec soin pour qu\u2019elles soient int\u00e9ressantes et distrayantes.<\/p>\n<p class=\"p1\">\n","protected":false},"excerpt":{"rendered":"<p>Pr\u00e9sentation du comit\u00e9 de judo du D\u00e9partement 76 Le comit\u00e9 de judo d\u00e9partement 76 est une organisation \u00e0 but non lucratif qui s\u2019occupe d\u2019organiser des \u00e9v\u00e8nements sportifs li\u00e9s au Judo dans la Normandie. C\u2019est une organisation qui pr\u00f4ne la passion&#8230;<\/p>\n","protected":false},"author":1,"featured_media":0,"parent":0,"menu_order":0,"comment_status":"closed","ping_status":"closed","template":"","meta":[],"_links":{"self":[{"href":"https:\/\/www.cd76judo.com\/index.php\/wp-json\/wp\/v2\/pages\/6"}],"collection":[{"href":"https:\/\/www.cd76judo.com\/index.php\/wp-json\/wp\/v2\/pages"}],"about":[{"href":"https:\/\/www.cd76judo.com\/index.php\/wp-json\/wp\/v2\/types\/page"}],"author":[{"embeddable":true,"href":"https:\/\/www.cd76judo.com\/index.php\/wp-json\/wp\/v2\/users\/1"}],"replies":[{"embeddable":true,"href":"https:\/\/www.cd76judo.com\/index.php\/wp-json\/wp\/v2\/comments?post=6"}],"version-history":[{"count":5,"href":"https:\/\/www.cd76judo.com\/index.php\/wp-json\/wp\/v2\/pages\/6\/revisions"}],"predecessor-version":[{"id":16,"href":"https:\/\/www.cd76judo.com\/index.php\/wp-json\/wp\/v2\/pages\/6\/revisions\/16"}],"wp:attachment":[{"href":"https:\/\/www.cd76judo.com\/index.php\/wp-json\/wp\/v2\/media?parent=6"}],"curies":[{"name":"wp","href":"https:\/\/api.w.org\/{rel}","templated":true}]}}